{"id":99,"date":"2017-08-09T10:54:48","date_gmt":"2017-08-09T10:54:48","guid":{"rendered":"http:\/\/saraorsi.com\/demo\/materiaisdiversos\/?page_id=99"},"modified":"2017-08-09T10:56:31","modified_gmt":"2017-08-09T10:56:31","slug":"aulas-diarias","status":"publish","type":"page","link":"https:\/\/www.materiaisdiversos.com\/festival\/aulas-diarias\/","title":{"rendered":"Aulas Di\u00e1rias"},"content":{"rendered":"<p><strong>Artistas e convidados que participam no Festival Materiais Diversos orientam um programa diversificado de aulas abertas \u00e0 participa\u00e7\u00e3o de v\u00e1rios p\u00fablicos nos temas, pr\u00e1ticas e ferramentas das artes performativas.<\/strong><\/p>\n<p>&nbsp;<\/p>\n<p>Artists and guests at Festival Materiais Diversos lead a diversified programme of classes open to different groups, address different topics, practices, and tools in the performing arts.<\/p>\n<p>&nbsp;<\/p>\n<p><strong>A participa\u00e7\u00e3o nas aulas \u00e9 gratuita, sujeita a inscri\u00e7\u00e3o pr\u00e9via atrav\u00e9s do e-mail inscricoes@materiaisdiversos.com (exceto nos casos assinalados).<\/strong><\/p>\n<p>&nbsp;<\/p>\n<p>Classes are free but registration is required by email inscricoes@materiaisdiversos.com (unless otherwise specified).<\/p>\n","protected":false},"excerpt":{"rendered":"<p>Artistas e convidados que participam no Festival Materiais Diversos orientam um programa diversificado de aulas abertas \u00e0 participa\u00e7\u00e3o de v\u00e1rios p\u00fablicos nos temas, pr\u00e1ticas e ferramentas das artes performativas. &nbsp; Artists and guests at Festival Materiais Diversos lead a diversified programme of classes open to different groups, address different topics, practices, and tools in the [&hellip;]<\/p>\n","protected":false},"author":1,"featured_media":0,"parent":0,"menu_order":0,"comment_status":"closed","ping_status":"closed","template":"","meta":{"_exactmetrics_skip_tracking":false,"_exactmetrics_sitenote_active":false,"_exactmetrics_sitenote_note":"","_exactmetrics_sitenote_category":0,"footnotes":""},"_links":{"self":[{"href":"https:\/\/www.materiaisdiversos.com\/festival\/wp-json\/wp\/v2\/pages\/99"}],"collection":[{"href":"https:\/\/www.materiaisdiversos.com\/festival\/wp-json\/wp\/v2\/pages"}],"about":[{"href":"https:\/\/www.materiaisdiversos.com\/festival\/wp-json\/wp\/v2\/types\/page"}],"author":[{"embeddable":true,"href":"https:\/\/www.materiaisdiversos.com\/festival\/wp-json\/wp\/v2\/users\/1"}],"replies":[{"embeddable":true,"href":"https:\/\/www.materiaisdiversos.com\/festival\/wp-json\/wp\/v2\/comments?post=99"}],"version-history":[{"count":3,"href":"https:\/\/www.materiaisdiversos.com\/festival\/wp-json\/wp\/v2\/pages\/99\/revisions"}],"predecessor-version":[{"id":102,"href":"https:\/\/www.materiaisdiversos.com\/festival\/wp-json\/wp\/v2\/pages\/99\/revisions\/102"}],"wp:attachment":[{"href":"https:\/\/www.materiaisdiversos.com\/festival\/wp-json\/wp\/v2\/media?parent=99"}],"curies":[{"name":"wp","href":"https:\/\/api.w.org\/{rel}","templated":true}]}}