{"id":94,"date":"2017-08-09T07:20:56","date_gmt":"2017-08-09T07:20:56","guid":{"rendered":"http:\/\/saraorsi.com\/demo\/materiaisdiversos\/?page_id=94"},"modified":"2017-09-01T18:36:39","modified_gmt":"2017-09-01T18:36:39","slug":"noites-longas","status":"publish","type":"page","link":"https:\/\/www.materiaisdiversos.com\/festival\/noites-longas\/","title":{"rendered":"Noites Longas"},"content":{"rendered":"<p><strong>Mais uma vez o Festival Materiais Diversos e o <a href=\"http:\/\/www.bonssons.com\/\" target=\"_blank\" rel=\"noopener\">Bons Sons<\/a> associam-se para prosseguir a tradi\u00e7\u00e3o das Noites Longas! As Festas de Abertura e de Encerramento do Festival Materiais Diversos ser\u00e3o animadas por DJ\u2019s carism\u00e1ticos que v\u00e3o dar que dan\u00e7ar.<\/strong><\/p>\n<p>&nbsp;<\/p>\n<p>Festival Materiais Diversos and <a href=\"http:\/\/www.bonssons.com\/\" target=\"_blank\" rel=\"noopener\">Bons Sons<\/a> come together once again to celebrate the festival\u2019s traditional Long Nights. The charismatic DJs scheduled for the opening and closing nights of the festival will give us something to dance about.<\/p>\n","protected":false},"excerpt":{"rendered":"<p>Mais uma vez o Festival Materiais Diversos e o Bons Sons associam-se para prosseguir a tradi\u00e7\u00e3o das Noites Longas! As Festas de Abertura e de Encerramento do Festival Materiais Diversos ser\u00e3o animadas por DJ\u2019s carism\u00e1ticos que v\u00e3o dar que dan\u00e7ar. &nbsp; Festival Materiais Diversos and Bons Sons come together once again to celebrate the festival\u2019s [&hellip;]<\/p>\n","protected":false},"author":1,"featured_media":0,"parent":0,"menu_order":0,"comment_status":"closed","ping_status":"closed","template":"","meta":{"_exactmetrics_skip_tracking":false,"_exactmetrics_sitenote_active":false,"_exactmetrics_sitenote_note":"","_exactmetrics_sitenote_category":0,"footnotes":""},"_links":{"self":[{"href":"https:\/\/www.materiaisdiversos.com\/festival\/wp-json\/wp\/v2\/pages\/94"}],"collection":[{"href":"https:\/\/www.materiaisdiversos.com\/festival\/wp-json\/wp\/v2\/pages"}],"about":[{"href":"https:\/\/www.materiaisdiversos.com\/festival\/wp-json\/wp\/v2\/types\/page"}],"author":[{"embeddable":true,"href":"https:\/\/www.materiaisdiversos.com\/festival\/wp-json\/wp\/v2\/users\/1"}],"replies":[{"embeddable":true,"href":"https:\/\/www.materiaisdiversos.com\/festival\/wp-json\/wp\/v2\/comments?post=94"}],"version-history":[{"count":5,"href":"https:\/\/www.materiaisdiversos.com\/festival\/wp-json\/wp\/v2\/pages\/94\/revisions"}],"predecessor-version":[{"id":409,"href":"https:\/\/www.materiaisdiversos.com\/festival\/wp-json\/wp\/v2\/pages\/94\/revisions\/409"}],"wp:attachment":[{"href":"https:\/\/www.materiaisdiversos.com\/festival\/wp-json\/wp\/v2\/media?parent=94"}],"curies":[{"name":"wp","href":"https:\/\/api.w.org\/{rel}","templated":true}]}}