{"id":360,"date":"2017-09-03T16:41:42","date_gmt":"2017-09-03T16:41:42","guid":{"rendered":"http:\/\/www.materiaisdiversos.com\/festival\/?page_id=360"},"modified":"2017-09-03T18:53:30","modified_gmt":"2017-09-03T18:53:30","slug":"materiais-diversos","status":"publish","type":"page","link":"https:\/\/www.materiaisdiversos.com\/festival\/materiais-diversos\/","title":{"rendered":"Materiais Diversos"},"content":{"rendered":"<p><strong><a href=\"http:\/\/www.materiaisdiversos.com\" target=\"_blank\" rel=\"noopener\">Materiais Diversos<\/a> \u00e9 uma associa\u00e7\u00e3o cultural sem fins lucrativos que incentiva a investiga\u00e7\u00e3o e experimenta\u00e7\u00e3o art\u00edsticas. Tem como miss\u00e3o atrair e sensibilizar m\u00faltiplos p\u00fablicos para as artes performativas, com especial enfoque na dan\u00e7a contempor\u00e2nea. <\/strong><\/p>\n<p><strong>Apoia a cria\u00e7\u00e3o e a difus\u00e3o de projetos associados dos artistas Filipa Francisco, Marcelo Evelin e Raquel Andr\u00e9. Programa e promove em parceria com v\u00e1rios munic\u00edpios do pa\u00eds Espet\u00e1culos, A\u00e7\u00f5es de Forma\u00e7\u00e3o e de Media\u00e7\u00e3o, Resid\u00eancias Art\u00edsticas e T\u00e9cnicas. <\/strong><\/p>\n<p><strong>A associa\u00e7\u00e3o integra a REDE Associa\u00e7\u00e3o de Estruturas para a Dan\u00e7a Contempor\u00e2nea nacional e \u00e9 uma estrutura financiada pelo Minist\u00e9rio da Cultura \/ Dire\u00e7\u00e3o-geral das Artes, e pelos munic\u00edpios de Alcanena e Cartaxo.<\/strong><\/p>\n<p>&nbsp;<\/p>\n<p><a href=\"http:\/\/www.materiaisdiversos.com\" target=\"_blank\" rel=\"noopener\">Materiais Diversos<\/a> is a non-profit cultural association that promotes artistic research and experimentation. Its mission is to attract diverse audiences to the performing arts, particularly contemporary dance, and develop their sensibilities.<\/p>\n<p>Materiais Diversos supports the production and touring of projects by Filipa Francisco, Marcelo Evelin and Raquel Andr\u00e9. In partnership with several municipalities in Portugal, it programmes and promotes performances, training and outreach programmes, and artistic and technical residencies.<\/p>\n<p>The association is a member of the Portuguese Association of Contemporary Dance Organisations (REDE) and is funded by the Portuguese Ministry of Culture and the municipalities of Alcanena and Cartaxo.<\/p>\n<p>&nbsp;<\/p>\n<p>&nbsp;<\/p>\n<p><strong>O Festival Materiais Diversos \u00e9 Minderico, nasceu em 2009 na vila de Minde e a partir da\u00ed expandiu-se a outras localidades das regi\u00f5es do M\u00e9dio Tejo e Lez\u00edria, onde se dedica a explorar a diversidade do territ\u00f3rio das artes performativas e do pr\u00f3prio pa\u00eds. <\/strong><\/p>\n<p><strong>O festival leva a popula\u00e7\u00f5es e palcos fora dos grandes centros urbanos uma sele\u00e7\u00e3o cuidada de projetos art\u00edsticos nas \u00e1reas da dan\u00e7a, teatro e m\u00fasica, assinadas por jovens criadores e artistas consagrados, portugueses e estrangeiros. <\/strong><\/p>\n<p><strong>\u00c9 um projeto da Associa\u00e7\u00e3o Materiais Diversos, pioneiro na promo\u00e7\u00e3o do acesso \u00e0 cria\u00e7\u00e3o e descentraliza\u00e7\u00e3o art\u00edstica, afirma-se um cartaz contempor\u00e2neo dos territ\u00f3rios onde programa e um festival obrigat\u00f3rio no calend\u00e1rio cultural portugu\u00eas, com mais de 120 espet\u00e1culos, 790 artistas e 52 mil espetadores envolvidos nas suas oito edi\u00e7\u00f5es. <\/strong><\/p>\n<p><strong>\u00c9 membro <a href=\"http:\/\/www.effe.eu\/\" target=\"_blank\" rel=\"noopener\">EFFE \u2013 Europe for Festivals Festivals for Europe<\/a> e conta com o Alto Patroc\u00ednio de Sua Excel\u00eancia, o <a href=\"http:\/\/www.presidencia.pt\/\" target=\"_blank\" rel=\"noopener\">Presidente da Rep\u00fablica<\/a>.<\/strong><\/p>\n<p>&nbsp;<\/p>\n<p>Materiais Diversos Festival is a project by Materiais Diversos Association and was born in 2009 in the village of Minde. From there the festival expanded to other locations in the regions of Middle Tejo and Lez\u00edria where it\u2019s dedicated to the exploration of diverse territories within performing arts and of the country itself.<\/p>\n<p>The festival brings to populations and stages outside the big urban centres a careful selection of artistic projects in the areas of dance, theatre and music, that are signed by young creators or established artists, Portuguese and foreign.<\/p>\n<p>The festival is a pioneer in decentralizing and promoting access to artistic creation, is a contemporary poster of the territories where it works and a mandatory event in the Portuguese cultural calendar, with more than 120 spectacles, 790 artists and 52 thousand spectators involved in its eight editions.<\/p>\n<p>Materiais Diversos Festival is a member of <a href=\"http:\/\/www.effe.eu\/\" target=\"_blank\" rel=\"noopener\">EFFE \u2013 Europe for Festivals<\/a>, Festivals for Europe and operates under the patronage of the <a href=\"http:\/\/www.presidencia.pt\/\" target=\"_blank\" rel=\"noopener\">President of the Portuguese Republic<\/a>.<\/p>\n<p>&nbsp;<\/p>\n<p>&nbsp;<\/p>\n<p><strong>Associa\u00e7\u00e3o Materiais Diversos<br \/>\n<\/strong>Cal\u00e7ada Marqu\u00eas de Abrantes n\u00ba99<br \/>\n1200-718 Lisboa, Portugal<\/p>\n<p>T.+351 213 900\u00a0165<\/p>\n<p>&nbsp;<\/p>\n<p><strong>Para mais informa\u00e7\u00f5es por favor contacte \/<\/strong> For further information please contact:<br \/>\n<a href=\"mailto:comunicacao@materiaisdiversos.com\">comunicacao@materiaisdiversos.com<br \/>\n<\/a><a href=\"mailto:producao@materiaisdiversos.com\">producao@materiaisdiversos.com<\/a><\/p>\n","protected":false},"excerpt":{"rendered":"<p>Materiais Diversos \u00e9 uma associa\u00e7\u00e3o cultural sem fins lucrativos que incentiva a investiga\u00e7\u00e3o e experimenta\u00e7\u00e3o art\u00edsticas. Tem como miss\u00e3o atrair e sensibilizar m\u00faltiplos p\u00fablicos para as artes performativas, com especial enfoque na dan\u00e7a contempor\u00e2nea. Apoia a cria\u00e7\u00e3o e a difus\u00e3o de projetos associados dos artistas Filipa Francisco, Marcelo Evelin e Raquel Andr\u00e9. Programa e promove [&hellip;]<\/p>\n","protected":false},"author":2,"featured_media":362,"parent":0,"menu_order":0,"comment_status":"closed","ping_status":"closed","template":"","meta":{"_exactmetrics_skip_tracking":false,"_exactmetrics_sitenote_active":false,"_exactmetrics_sitenote_note":"","_exactmetrics_sitenote_category":0,"footnotes":""},"_links":{"self":[{"href":"https:\/\/www.materiaisdiversos.com\/festival\/wp-json\/wp\/v2\/pages\/360"}],"collection":[{"href":"https:\/\/www.materiaisdiversos.com\/festival\/wp-json\/wp\/v2\/pages"}],"about":[{"href":"https:\/\/www.materiaisdiversos.com\/festival\/wp-json\/wp\/v2\/types\/page"}],"author":[{"embeddable":true,"href":"https:\/\/www.materiaisdiversos.com\/festival\/wp-json\/wp\/v2\/users\/2"}],"replies":[{"embeddable":true,"href":"https:\/\/www.materiaisdiversos.com\/festival\/wp-json\/wp\/v2\/comments?post=360"}],"version-history":[{"count":5,"href":"https:\/\/www.materiaisdiversos.com\/festival\/wp-json\/wp\/v2\/pages\/360\/revisions"}],"predecessor-version":[{"id":422,"href":"https:\/\/www.materiaisdiversos.com\/festival\/wp-json\/wp\/v2\/pages\/360\/revisions\/422"}],"wp:featuredmedia":[{"embeddable":true,"href":"https:\/\/www.materiaisdiversos.com\/festival\/wp-json\/wp\/v2\/media\/362"}],"wp:attachment":[{"href":"https:\/\/www.materiaisdiversos.com\/festival\/wp-json\/wp\/v2\/media?parent=360"}],"curies":[{"name":"wp","href":"https:\/\/api.w.org\/{rel}","templated":true}]}}