{"id":271,"date":"2017-08-18T04:50:33","date_gmt":"2017-08-18T04:50:33","guid":{"rendered":"http:\/\/saraorsi.com\/demo\/materiaisdiversos\/?page_id=271"},"modified":"2017-09-13T18:55:48","modified_gmt":"2017-09-13T18:55:48","slug":"equipa-e-parceiros","status":"publish","type":"page","link":"https:\/\/www.materiaisdiversos.com\/festival\/equipa-e-parceiros\/","title":{"rendered":"Equipa e Parceiros"},"content":{"rendered":"<p><strong>Diretora art\u00edstica \/\u00a0Artistic director<\/strong><br \/>\nElisabete Paiva<\/p>\n<p>&nbsp;<\/p>\n<p><strong>Diretora de produ\u00e7\u00e3o \/ Production director<\/strong><br \/>\nTeresa Miguel<\/p>\n<p>&nbsp;<\/p>\n<p><strong>Produtores \/ Producers<\/strong><br \/>\nDiana Martins<br \/>\nJoana Cordeiro<br \/>\nSara Abrantes<\/p>\n<p>&nbsp;<\/p>\n<p><strong>Assistente de produ\u00e7\u00e3o \/ Production assistant<\/strong><br \/>\nGabriel Lapas<\/p>\n<p>&nbsp;<\/p>\n<p><strong>Acolhimento de profissionais \/ Professionals welcoming<\/strong><br \/>\nSofia Matos<\/p>\n<p>&nbsp;<\/p>\n<p><strong>Contabilidade \/ Accounting<\/strong><br \/>\nJoana Duarte<\/p>\n<p>&nbsp;<\/p>\n<p><strong>Dire\u00e7\u00e3o de comunica\u00e7\u00e3o \/ Communication director<\/strong><br \/>\nS\u00edlvia Esc\u00f3rcio<\/p>\n<p>&nbsp;<\/p>\n<p><strong>Assistente de comunica\u00e7\u00e3o \u2013 Media\u00e7\u00e3o \/ Communication assistant \u2013 Mediation<\/strong><br \/>\nRodrigo Pereira<\/p>\n<p>&nbsp;<\/p>\n<p><strong>Design de comunica\u00e7\u00e3o \/ Communication design<\/strong><br \/>\nS\u00edlvia Prud\u00eancio<\/p>\n<p>&nbsp;<\/p>\n<p><strong>Web designer<\/strong><br \/>\nSara Orsi<\/p>\n<p>&nbsp;<\/p>\n<p><strong>Tradu\u00e7\u00e3o \/ Translation<\/strong><br \/>\nCarla Nobre Sousa<\/p>\n<p>&nbsp;<\/p>\n<p><strong>Reportagem v\u00eddeo \/ Video report<\/strong><br \/>\nMiguel Canaverde<br \/>\nJanine Gon\u00e7alves<br \/>\nPedro Mourinha<\/p>\n<p>&nbsp;<\/p>\n<p><strong>Fotografia \/ Photography<\/strong><br \/>\nCl\u00e1udio Gon\u00e7alves<\/p>\n<p>&nbsp;<\/p>\n<p><strong>Diretor t\u00e9cnico \/ Technical director<\/strong><br \/>\nCarlos Ramos<\/p>\n<p>&nbsp;<\/p>\n<p><strong>T\u00e9cnicos \/ Technicians<\/strong><br \/>\n\u00c9lio Antunes<br \/>\nFilipa Romeu<br \/>\nGon\u00e7alo Ribeiro<br \/>\nJay Collin<br \/>\nS\u00e9rgio Cardoso<br \/>\nTiago Correia<\/p>\n<p>&nbsp;<\/p>\n<p><strong>Embaixadores \/ Ambassadors<\/strong><br \/>\nAna Sofia Cunha<br \/>\nAnselmo Bento<br \/>\nAnt\u00f3nio Liberato<br \/>\nF\u00e1bio Carvalho<br \/>\nJos\u00e9 Louza<br \/>\nMunas Azevedo<br \/>\nSusana Micaelo<\/p>\n<p>&nbsp;<\/p>\n<p><strong>Volunt\u00e1ri_s \/ Volunteers<\/strong><br \/>\nAna Rita Marta<br \/>\nBeactriz Guerreiro<br \/>\nBeatriz Dias<br \/>\nBruno Carvalho<br \/>\nCarolina Arantes<br \/>\nDaniela Morgado<br \/>\nDavide Vicente<br \/>\nFilipa Vicente<br \/>\nJania Pardal<br \/>\nMathilde Major<br \/>\nRafaella Cunha<\/p>\n<p>&nbsp;<br \/>\n&nbsp;<\/p>\n<p><strong>ESPA\u00c7OS AMIGOS \/\u00a0<\/strong>FRIENDLY VENUES<br \/>\n<a href=\"https:\/\/www.facebook.com\/Pra%C3%A7a-velha-1635171726706097\/?fref=ts\" target=\"_blank\" rel=\"noopener\">Pra\u00e7a Velha<\/a>, Minde<br \/>\n<a href=\"https:\/\/www.facebook.com\/Estamin%C3%A9-Bar-247224409110\/\" target=\"_blank\" rel=\"noopener\">Estamin\u00e9<\/a>, Minde<br \/>\nCaf\u00e9 Pires, Minde<br \/>\nFrutaria Isabel, Minde<br \/>\nP\u00f3 de Arroz \u2013 Est\u00e9tica e Perfumaria, Minde<br \/>\n<a href=\"https:\/\/www.facebook.com\/cafetisofiaminde\/?fref=ts\" target=\"_blank\" rel=\"noopener\">Caf\u00e9 Ti-Sofia<\/a>, Minde<br \/>\n<a href=\"https:\/\/www.facebook.com\/cantinhosabores16\/?fref=ts\" target=\"_blank\" rel=\"noopener\">Restaurante Cantinho dos Sabores<\/a>, Minde<br \/>\n<a href=\"https:\/\/www.facebook.com\/pages\/Associa%C3%A7%C3%A3o-Dos-Bombeiros-Volunt%C3%A1rios-De-Minde\/1893623090778397?nr\" target=\"_blank\" rel=\"noopener\">Caf\u00e9 dos Bombeiros Volunt\u00e1rios de Minde<\/a><br \/>\n<a href=\"https:\/\/www.facebook.com\/pastelariaavoolinda\/?fref=ts\" target=\"_blank\" rel=\"noopener\">Pastelaria Av\u00f3 Olinda<\/a>, Minde<br \/>\n<a href=\"https:\/\/www.facebook.com\/pg\/compassominde\/photos\/?ref=page_internal\" target=\"_blank\" rel=\"noopener\">Compasso \u2013 Papelaria e Livraria<\/a>, Minde<br \/>\n<a href=\"https:\/\/www.facebook.com\/mindelicias\/?fref=ts\" target=\"_blank\" rel=\"noopener\">Mindelicias<\/a>, Minde<\/p>\n","protected":false},"excerpt":{"rendered":"<p>Diretora art\u00edstica \/\u00a0Artistic director Elisabete Paiva &nbsp; Diretora de produ\u00e7\u00e3o \/ Production director Teresa Miguel &nbsp; Produtores \/ Producers Diana Martins Joana Cordeiro Sara Abrantes &nbsp; Assistente de produ\u00e7\u00e3o \/ Production assistant Gabriel Lapas &nbsp; Acolhimento de profissionais \/ Professionals welcoming Sofia Matos &nbsp; Contabilidade \/ Accounting Joana Duarte &nbsp; Dire\u00e7\u00e3o de comunica\u00e7\u00e3o \/ Communication [&hellip;]<\/p>\n","protected":false},"author":1,"featured_media":0,"parent":0,"menu_order":0,"comment_status":"closed","ping_status":"closed","template":"","meta":{"_exactmetrics_skip_tracking":false,"_exactmetrics_sitenote_active":false,"_exactmetrics_sitenote_note":"","_exactmetrics_sitenote_category":0,"footnotes":""},"_links":{"self":[{"href":"https:\/\/www.materiaisdiversos.com\/festival\/wp-json\/wp\/v2\/pages\/271"}],"collection":[{"href":"https:\/\/www.materiaisdiversos.com\/festival\/wp-json\/wp\/v2\/pages"}],"about":[{"href":"https:\/\/www.materiaisdiversos.com\/festival\/wp-json\/wp\/v2\/types\/page"}],"author":[{"embeddable":true,"href":"https:\/\/www.materiaisdiversos.com\/festival\/wp-json\/wp\/v2\/users\/1"}],"replies":[{"embeddable":true,"href":"https:\/\/www.materiaisdiversos.com\/festival\/wp-json\/wp\/v2\/comments?post=271"}],"version-history":[{"count":7,"href":"https:\/\/www.materiaisdiversos.com\/festival\/wp-json\/wp\/v2\/pages\/271\/revisions"}],"predecessor-version":[{"id":478,"href":"https:\/\/www.materiaisdiversos.com\/festival\/wp-json\/wp\/v2\/pages\/271\/revisions\/478"}],"wp:attachment":[{"href":"https:\/\/www.materiaisdiversos.com\/festival\/wp-json\/wp\/v2\/media?parent=271"}],"curies":[{"name":"wp","href":"https:\/\/api.w.org\/{rel}","templated":true}]}}