{"id":256,"date":"2017-08-18T04:33:23","date_gmt":"2017-08-18T04:33:23","guid":{"rendered":"http:\/\/saraorsi.com\/demo\/materiaisdiversos\/?page_id=256"},"modified":"2017-09-09T11:28:27","modified_gmt":"2017-09-09T11:28:27","slug":"outras-informacoes","status":"publish","type":"page","link":"https:\/\/www.materiaisdiversos.com\/festival\/outras-informacoes\/","title":{"rendered":"Como chegar e o que fazer?"},"content":{"rendered":"<p>&nbsp;<\/p>\n<h2>Como Chegar?<br \/>\nHow To Get Here?<\/h2>\n<p>&nbsp;<\/p>\n<div id=\"attachment_395\" style=\"width: 310px\" class=\"wp-caption alignnone\"><img aria-describedby=\"caption-attachment-395\" decoding=\"async\" loading=\"lazy\" class=\"wp-image-395 size-medium\" src=\"http:\/\/www.materiaisdiversos.com\/festival\/wp-content\/uploads\/2017\/08\/Alcanena_CM-Alcanena-300x199.jpg\" alt=\"\" width=\"300\" height=\"199\" srcset=\"https:\/\/www.materiaisdiversos.com\/festival\/wp-content\/uploads\/2017\/08\/Alcanena_CM-Alcanena-300x199.jpg 300w, https:\/\/www.materiaisdiversos.com\/festival\/wp-content\/uploads\/2017\/08\/Alcanena_CM-Alcanena-768x509.jpg 768w, https:\/\/www.materiaisdiversos.com\/festival\/wp-content\/uploads\/2017\/08\/Alcanena_CM-Alcanena-1024x679.jpg 1024w\" sizes=\"(max-width: 300px) 100vw, 300px\" \/><p id=\"caption-attachment-395\" class=\"wp-caption-text\">\u00a9 C\u00e2mara Municipal de Alcanena<\/p><\/div>\n<p>&nbsp;<br \/>\n&nbsp;<\/p>\n<h1>CARRO \/ BY CAR<\/h1>\n<p><strong>Alcanena \/ Minde<br \/>\nA1 &gt; sa\u00edda \/ exit n.\u00ba7 A23 Abrantes \/ Castelo Branco \/ Torres Novas. Ap\u00f3s a portagem 1\u00aa sa\u00edda e seguir placas<br \/>\npara Alcanena (N243\/N361) ou Minde (N243).<\/strong><br \/>\nAfter the toll booth take the 1st exit at the roundabout and follow directions to Alcanena (N243 \/ N361) or Minde (N243).<\/p>\n<p>&nbsp;<\/p>\n<p><strong>Cartaxo<br \/>\nA1 &gt; sa\u00edda \/ exit n.\u00ba 5 Cartaxo \/ Aveiras \/ Alcoentre. Ap\u00f3s a portagem 1\u00aa sa\u00edda na rotunda e seguir placas para Cartaxo (N365\u20132)<\/strong><br \/>\nAfter the toll booth take the 1st exit at the roundabout and follow directions to Cartaxo (N365\u20132)<\/p>\n<p>&nbsp;<br \/>\n&nbsp;<\/p>\n<h1>AUTOCARRO \/ BY BUS<\/h1>\n<p><strong>Alcanena \/ Minde \/ Cartaxo<\/strong><br \/>\n<a href=\"http:\/\/www.rede-expressos.pt\/\" target=\"_blank\" rel=\"noopener\">Rede Nacional de Expressos<\/a><br \/>\n(+351) 707 22 33 44<\/p>\n<p>&nbsp;<br \/>\n&nbsp;<\/p>\n<h1>COMBOIO \/ BY TRAIN<\/h1>\n<p><a href=\"https:\/\/www.cp.pt\/passageiros\/pt\" target=\"_blank\" rel=\"noopener\">CP\u2013Comboios de Portugal<\/a><br \/>\n(+351) 707 210 220<\/p>\n<p>&nbsp;<\/p>\n<p><strong>Comboios di\u00e1rios com frequ\u00eancia regular, paragem na esta\u00e7\u00e3o de Entroncamento (23km de Minde, 20km de Alcanena) e na esta\u00e7\u00e3o de Santana\u2013Cartaxo (4km do Cartaxo).<\/strong><br \/>\nCP trains run frequently to Entroncamento station (23km from Minde, 20km from Alcanena) and to Santana\u2013Cartaxo station (4km from<br \/>\nCartaxo).<\/p>\n<p>&nbsp;<br \/>\n&nbsp;<\/p>\n<h1>T\u00c1XIS \/ TAXIS<\/h1>\n<p><strong>Minde\u00a0<\/strong>(+351) 918 766 861<\/p>\n<p><strong>Alcanena\u00a0<\/strong>(+351) 249 043 205 \/ 249 881 717<\/p>\n<p><strong>Cartaxo\u00a0<\/strong>(+351) 243 702 592<\/p>\n<p>&nbsp;<br \/>\n&nbsp;<br \/>\n&nbsp;<\/p>\n<h2>Locais<br \/>\nVenues<\/h2>\n<p>&nbsp;<\/p>\n<div id=\"attachment_393\" style=\"width: 310px\" class=\"wp-caption alignnone\"><img aria-describedby=\"caption-attachment-393\" decoding=\"async\" loading=\"lazy\" class=\"wp-image-393 size-medium\" src=\"http:\/\/www.materiaisdiversos.com\/festival\/wp-content\/uploads\/2017\/08\/Centro-Cultutal-do-Cartaxo-300x200.jpg\" alt=\"\" width=\"300\" height=\"200\" srcset=\"https:\/\/www.materiaisdiversos.com\/festival\/wp-content\/uploads\/2017\/08\/Centro-Cultutal-do-Cartaxo-300x200.jpg 300w, https:\/\/www.materiaisdiversos.com\/festival\/wp-content\/uploads\/2017\/08\/Centro-Cultutal-do-Cartaxo.jpg 720w\" sizes=\"(max-width: 300px) 100vw, 300px\" \/><p id=\"caption-attachment-393\" class=\"wp-caption-text\">Centro Cultural do Cartaxo<\/p><\/div>\n<p>&nbsp;<br \/>\n&nbsp;<\/p>\n<h1>MINDE<\/h1>\n<p><strong>F\u00e1brica de Cultura\u00a0<\/strong>Avenida S\u00e3o Sebasti\u00e3o, 223<br \/>\n<strong><a href=\"https:\/\/jf-minde.pt\/cine-teatro-rogerio-venancio\/\" target=\"_blank\" rel=\"noopener\">Cine-Teatro Rog\u00e9rio Ven\u00e2ncio<\/a>\u00a0<\/strong>Avenida Jos\u00e9 Ant\u00f3nio de Carvalho<br \/>\n<strong><a href=\"http:\/\/www.caorg.pt\/\" target=\"_blank\" rel=\"noopener\">Museu de Aguarela Roque Gameiro<\/a>\u00a0<\/strong>Largo Justino Guedes, 25\u201327<br \/>\n<strong>EB 2,3 Minde\u00a0<\/strong>Rua Ant\u00f3nio Roque Gameiro, 205<\/p>\n<p>&nbsp;<br \/>\n&nbsp;<\/p>\n<h1>ALCANENA<\/h1>\n<p><strong><a href=\"http:\/\/cm-alcanena.pt\/index.php\/es\/viver\/culturalazer\/cine-teatro-sao-pedro\" target=\"_blank\" rel=\"noopener\">Cine-Teatro S\u00e3o Pedro<\/a>\u00a0<\/strong>Rua 25 de Abril, 504<br \/>\n<strong><a href=\"http:\/\/www.alviela.cienciaviva.pt\/home\/\" target=\"_blank\" rel=\"noopener\">Centro Ci\u00eancia Viva do Alviela<\/a>\u00a0<\/strong>Praia Fluvial dos Olhos d\u2018\u00c1gua, Louriceira<br \/>\n<strong><a href=\"http:\/\/cm-alcanena.pt\/index.php\/pt\/viver\/culturalazer\" target=\"_blank\" rel=\"noopener\">Casa Municipal da Cultura de Alcanena<\/a>\u00a0<\/strong>Bairro Mota<\/p>\n<p>&nbsp;<br \/>\n&nbsp;<\/p>\n<h1>CARTAXO<\/h1>\n<p><strong><a href=\"http:\/\/www.cm-cartaxo.pt\/Viver\/Cultura\/EquipCulturais\/CentroCultural\/Paginas\/default.aspx\" target=\"_blank\" rel=\"noopener\">Centro Cultural do Cartaxo<\/a>\u00a0<\/strong>Rua 5 de Outubro<br \/>\n<strong><a href=\"http:\/\/www.jf-pontevel.pt\/pontevel.php?pagina=associativismo&amp;id=10\" target=\"_blank\" rel=\"noopener\">Casa do Povo Pont\u00e9vel<\/a><\/strong>\u00a0Rua Jo\u00e3o da Silva Pimenta<\/p>\n<p>&nbsp;<br \/>\n&nbsp;<br \/>\n&nbsp;<\/p>\n<h2>Onde Ficar?<br \/>\nWhere To Stay?<\/h2>\n<p>&nbsp;<\/p>\n<div id=\"attachment_394\" style=\"width: 310px\" class=\"wp-caption alignnone\"><img aria-describedby=\"caption-attachment-394\" decoding=\"async\" loading=\"lazy\" class=\"wp-image-394 size-medium\" src=\"http:\/\/www.materiaisdiversos.com\/festival\/wp-content\/uploads\/2017\/08\/Coreto-de-Minde_Junta-de-Freguesia-de-Minde-300x169.jpg\" alt=\"\" width=\"300\" height=\"169\" srcset=\"https:\/\/www.materiaisdiversos.com\/festival\/wp-content\/uploads\/2017\/08\/Coreto-de-Minde_Junta-de-Freguesia-de-Minde-300x169.jpg 300w, https:\/\/www.materiaisdiversos.com\/festival\/wp-content\/uploads\/2017\/08\/Coreto-de-Minde_Junta-de-Freguesia-de-Minde-768x432.jpg 768w, https:\/\/www.materiaisdiversos.com\/festival\/wp-content\/uploads\/2017\/08\/Coreto-de-Minde_Junta-de-Freguesia-de-Minde-1024x576.jpg 1024w, https:\/\/www.materiaisdiversos.com\/festival\/wp-content\/uploads\/2017\/08\/Coreto-de-Minde_Junta-de-Freguesia-de-Minde.jpg 1280w\" sizes=\"(max-width: 300px) 100vw, 300px\" \/><p id=\"caption-attachment-394\" class=\"wp-caption-text\">Coreto \u00a9 Junta de Freguesia de Minde<\/p><\/div>\n<p>&nbsp;<br \/>\n&nbsp;<\/p>\n<h1>MINDE<\/h1>\n<p><strong><a href=\"https:\/\/www.facebook.com\/Estamin%C3%A9-Bar-247224409110\/\" target=\"_blank\" rel=\"noopener\">Estamin\u00e9<\/a><\/strong><br \/>\n<strong><a href=\"https:\/\/www.facebook.com\/Parreirais-dos-Moquinhos-147298785341436\/\" target=\"_blank\" rel=\"noopener\">Parreirais dos Moquinhos<\/a><\/strong><br \/>\n<strong><a href=\"https:\/\/www.retirodobosque.com\/\" target=\"_blank\" rel=\"noopener\">Retiro do Bosque<\/a><\/strong><\/p>\n<p>&nbsp;<br \/>\n&nbsp;<\/p>\n<h1>ALVADOS<\/h1>\n<p><strong><a href=\"http:\/\/www.casadosmatos.com\/\" target=\"_blank\" rel=\"noopener\">Turismo Rural Casa dos Matos<\/a><\/strong><br \/>\n<strong> <a href=\"http:\/\/www.cookinghotel.com\/\" target=\"_blank\" rel=\"noopener\">Cooking and Nature Emotional Hotel<\/a><\/strong><br \/>\n<strong> <a href=\"http:\/\/casaaromas.com\/\" target=\"_blank\" rel=\"noopener\">Casa dos Aromas<\/a><\/strong><br \/>\n<strong> <a href=\"https:\/\/pousadasjuventude.pt\/pt\/pousadas\/alvados\/\" target=\"_blank\" rel=\"noopener\">Pousada da Juventude<\/a><\/strong><\/p>\n<p>&nbsp;<br \/>\n&nbsp;<\/p>\n<h1>SERRA DE SANTO ANT\u00d3NIO<\/h1>\n<p><strong><a href=\"http:\/\/www.quintadaescola.com\/\" target=\"_blank\" rel=\"noopener\">Quinta da Escola<\/a><\/strong><\/p>\n<p>&nbsp;<br \/>\n&nbsp;<\/p>\n<h1>ALCANENA<\/h1>\n<p><strong><a href=\"https:\/\/www.eurosol.pt\/pt\/hotel\/eurosol-alcanena-11\" target=\"_blank\" rel=\"noopener\">Hotel Eurosol Alcanena<\/a><\/strong><\/p>\n<p>&nbsp;<br \/>\n&nbsp;<\/p>\n<h1>CARTAXO<\/h1>\n<p><strong><a href=\"http:\/\/www.hotelquintadaspratas.com\/\" target=\"_blank\" rel=\"noopener\">Hotel Quinta das Pratas<\/a><\/strong><br \/>\n<strong> <a href=\"http:\/\/www.e-nove.com.pt\/\" target=\"_blank\" rel=\"noopener\">E-Nove Lounge Hostel Caffe<\/a><\/strong><\/p>\n<p>&nbsp;<br \/>\n&nbsp;<br \/>\n&nbsp;<\/p>\n<h2>O que fazer?<br \/>\nWhat to do?<\/h2>\n<p>&nbsp;<\/p>\n<div id=\"attachment_392\" style=\"width: 310px\" class=\"wp-caption alignnone\"><img aria-describedby=\"caption-attachment-392\" decoding=\"async\" loading=\"lazy\" class=\"wp-image-392 size-medium\" src=\"http:\/\/www.materiaisdiversos.com\/festival\/wp-content\/uploads\/2017\/08\/Polje-de-Minde_Junta-de-Freguesia-de-Minde-1-300x169.jpg\" alt=\"\" width=\"300\" height=\"169\" srcset=\"https:\/\/www.materiaisdiversos.com\/festival\/wp-content\/uploads\/2017\/08\/Polje-de-Minde_Junta-de-Freguesia-de-Minde-1-300x169.jpg 300w, https:\/\/www.materiaisdiversos.com\/festival\/wp-content\/uploads\/2017\/08\/Polje-de-Minde_Junta-de-Freguesia-de-Minde-1-768x432.jpg 768w, https:\/\/www.materiaisdiversos.com\/festival\/wp-content\/uploads\/2017\/08\/Polje-de-Minde_Junta-de-Freguesia-de-Minde-1-1024x576.jpg 1024w, https:\/\/www.materiaisdiversos.com\/festival\/wp-content\/uploads\/2017\/08\/Polje-de-Minde_Junta-de-Freguesia-de-Minde-1.jpg 1280w\" sizes=\"(max-width: 300px) 100vw, 300px\" \/><p id=\"caption-attachment-392\" class=\"wp-caption-text\">Polje de Minde \u00a9 Junta de Freguesia de Minde<\/p><\/div>\n<p>&nbsp;<br \/>\n&nbsp;<\/p>\n<h1>VISITAR \/ VISIT<\/h1>\n<p><strong><a href=\"http:\/\/www.caorg.pt\/\" target=\"_blank\" rel=\"noopener\">Museu de Aguarela e Centro de Artes e Of\u00edcios Roque Gameiro<\/a><\/strong>, Minde<\/a> \/ Watercolor museum and arts and crafts centre<br \/>\n<a href=\"http:\/\/www.alviela.cienciaviva.pt\/visite-nos\/\" target=\"_blank\" rel=\"noopener\"><strong>Exposi\u00e7\u00f5es e atividades no Centro Ci\u00eancia Viva do Alviela<\/strong><\/a>, Alcanena<\/a> \/ Science exhibitions and activities<br \/>\n<a href=\"http:\/\/cm-alcanena.pt\/index.php\/fr\/visitar-2\/oquevisitar\/museus\/99-arquivo\/248-museuboneca\" target=\"_blank\" rel=\"noopener\"><strong>Museu da Boneca<\/strong>, Alcanena<\/a> \/ Doll museum<br \/>\n<a href=\"http:\/\/cm-alcanena.pt\/index.php\/fr\/visitar-2\/oquevisitar\/museus\/99-arquivo\/252-museuespinheiro\" target=\"_blank\" rel=\"noopener\"><strong>Museu Rural e Etnogr\u00e1fico de Espinheiro<\/strong>, Alcanena<\/a> \/ Rural and ethnographic museum<a href=\"http:\/\/cm-alcanena.pt\/index.php\/fr\/visitar-2\/oquevisitar\/museus\/99-arquivo\/248-museuboneca\"><br \/>\n<\/a><a href=\"http:\/\/www.cm-cartaxo.pt\/Viver\/Cultura\/EquipCulturais\/MuseuEscolar\/Paginas\/default.aspx\" target=\"_blank\" rel=\"noopener\"><strong>Museu Escolar<\/strong>, Cartaxo<\/a> \/ School museum<br \/>\n<a href=\"http:\/\/www.cm-cartaxo.pt\/Viver\/Cultura\/EquipCulturais\/MuseuRuralVinho\/Paginas\/default.aspx\" target=\"_blank\" rel=\"noopener\"><strong>Museu Rural e do Vinho<\/strong>, Cartaxo<\/a> \/ Rural and wine museum<br \/>\n<a href=\"https:\/\/www.facebook.com\/pages\/Aldeia-Da-Palhota\/264729153715477\" target=\"_blank\" rel=\"noopener\"><strong>Aldeia da Palhota<\/strong>, Valada<\/a> \/ Traditional village\u00a0<a href=\"http:\/\/www.cm-cartaxo.pt\/Viver\/Cultura\/EquipCulturais\/MuseuRuralVinho\/Paginas\/default.aspx\"><br \/>\n<\/a><a href=\"http:\/\/www.cvrtejo.pt\/index.php\" target=\"_blank\" rel=\"noopener\"><strong>Rota dos Vinhos<\/strong><\/a> \/ Wine route<\/p>\n<p>&nbsp;<br \/>\n&nbsp;<\/p>\n<h1>COMER \/ EAT<\/h1>\n<p><strong><a href=\"https:\/\/www.facebook.com\/VedorsTakeAway\/\" target=\"_blank\" rel=\"noopener\">Vedor&#8217;s Take Away<\/a>\u00a0<\/strong><span class=\"_50f4\">Rua Maria Jos\u00e9 Borges 1308,\u00a0<\/span><span class=\"_50f4\">Minde<br \/>\n<strong><a href=\"https:\/\/www.facebook.com\/KopiusCaffe\/\" target=\"_blank\" rel=\"noopener\">Kopius Caffe<\/a><\/strong>\u00a0Rua Nossa Sra. de F\u00e1tima 639, Minde<\/span><\/p>\n<p><strong><a href=\"https:\/\/www.tripadvisor.pt\/Restaurant_Review-g659914-d11855191-Reviews-Cabaca_s_Restaurante-Alcanena_Santarem_District_Central_Portugal.html\" target=\"_blank\" rel=\"noopener\">Cabaca&#8217;s<\/a> <\/strong>Restaurante Rua Manuel Cardoso Rosa &#8211; Videla, Alcanena<br \/>\n<a href=\"https:\/\/www.facebook.com\/OCantinhoDoToino\" target=\"_blank\" rel=\"noopener\"><strong>O Cantinho do Toino<\/strong><\/a> Rua Alfredo Keil 4, Alcanena<a href=\"https:\/\/www.tripadvisor.pt\/Restaurant_Review-g659914-d3473981-Reviews-O_Malho-Alcanena_Santarem_District_Central_Portugal.html\" target=\"_blank\" rel=\"noopener\"><br \/>\n<strong>O Malho<\/strong><\/a> Rua Padre Reis, Alcanena<br \/>\n<a href=\"https:\/\/www.tripadvisor.pt\/Restaurant_Review-g659914-d6542071-Reviews-Tertulia_Do_Gaivoto-Alcanena_Santarem_District_Central_Portugal.html\" target=\"_blank\" rel=\"noopener\"><strong>Tert\u00falia do Gaivoto<\/strong><\/a> Rua de S\u00e3o Vicente 67, Alcanena<\/p>\n<p><a href=\"https:\/\/www.tripadvisor.pt\/Restaurant_Review-g226941-d5981435-Reviews-Restaurante_a_Cernelha-Cartaxo_Santarem_District_Central_Portugal.html\" target=\"_blank\" rel=\"noopener\"><strong>A Cernelha<\/strong><\/a> EN3, Cartaxo<br \/>\n<a href=\"https:\/\/www.tripadvisor.pt\/Restaurant_Review-g226941-d8607468-Reviews-Taberna_do_Gaio-Cartaxo_Santarem_District_Central_Portugal.html\" target=\"_blank\" rel=\"noopener\"><strong>Taberna do Gaio<\/strong><\/a> EN3 &#8211; Gaio de Cima, Cartaxo<br \/>\n<a href=\"https:\/\/www.tripadvisor.pt\/Restaurant_Review-g226941-d7367456-Reviews-Restaurante_o_Transmontano-Cartaxo_Santarem_District_Central_Portugal.html\" target=\"_blank\" rel=\"noopener\"><strong>O Transmontano<\/strong><\/a> Rua do Jardim 32, Cartaxo<br \/>\n<strong><a href=\"https:\/\/www.tripadvisor.pt\/Restaurant_Review-g226941-d10375491-Reviews-Restaurante_Ze_Mau-Cartaxo_Santarem_District_Central_Portugal.html\" target=\"_blank\" rel=\"noopener\">Z\u00e9 Mau<\/a><\/strong> Rua do Progresso 82, Cartaxo<\/p>\n<p><a href=\"https:\/\/www.tripadvisor.pt\/Restaurant_Review-g3861922-d3842761-Reviews-Jardim_Restaurante_Marisqueira-Mira_de_Aire_Leiria_District_Central_Portugal.html\" target=\"_blank\" rel=\"noopener\"><strong>Jardim Restaurante Marisqueira<\/strong><\/a>\u00a0Rua General Humberto Delgado 38,\u00a0Mira de Aire<br \/>\n<strong><a href=\"https:\/\/www.facebook.com\/adega.do.luis\" target=\"_blank\" rel=\"noopener\">Adega do Lu\u00eds<\/a><\/strong> Rua Principal 650, Livramento &#8211; Porto de M\u00f3s<br \/>\n<strong><a href=\"https:\/\/www.tripadvisor.pt\/Restaurant_Review-g2352944-d7107984-Reviews-Tasquinha_Da_D_Maria-Porto_de_Mos_Leiria_District_Central_Portugal.html\" target=\"_blank\" rel=\"noopener\">Tasquinha Da D. Maria<\/a><\/strong> Rua Principal, Porto de M\u00f3s<\/p>\n<p>&nbsp;<br \/>\n&nbsp;<\/p>\n<h1>EXPLORAR \/ EXPLORE<\/h1>\n<p><strong><a href=\"https:\/\/jf-minde.pt\/mantas-de-minde\/\" target=\"_blank\" rel=\"noopener\">Mantas de Minde<\/a><\/strong> \/ Minde tradicional blankets<br \/>\n<a href=\"https:\/\/jf-minde.pt\/polje-de-minde\/\" target=\"_blank\" rel=\"noopener\"><strong>Polje de Minde<\/strong><\/a> \/ Minde Sea<br \/>\n<a href=\"https:\/\/www.tripadvisor.com.br\/LocationPhotoDirectLink-g659914-d7034109-i252021359-Centro_Ciencia_Viva_do_Alviela_Carsoscopio-Alcanena_Santarem_District_Ce.html\" target=\"_blank\" rel=\"noopener\"><strong>Praia Fluvial Olhos d&#8217;\u00c1gua do Alviela<\/strong><\/a> \/ River beach\u00a0<a href=\"http:\/\/www.alviela.cienciaviva.pt\" target=\"_blank\" rel=\"noopener\"><br \/>\n<\/a><a href=\"http:\/\/cm-alcanena.pt\/index.php\/en\/visitar-2\/oquefazer\/fazerrotasepercursos\" target=\"_blank\" rel=\"noopener\"><strong>Passeios pedestres em Alcanena<\/strong><\/a> \/ Walking routes<br \/>\n<a href=\"http:\/\/www.icnf.pt\/portal\/turnatur\/visit-ap\/pn\/pnsac\"><strong>Parque Natural das Serras de Aire e Candeeiros<\/strong><\/a> \/ Natural park<br \/>\n<a href=\"http:\/\/www.grutasmiradaire.com\/\" target=\"_blank\" rel=\"noopener\"><strong>Grutas de Mira de Aire<\/strong><\/a> \/ Natural caves<a href=\"https:\/\/www.tripadvisor.com.br\/LocationPhotoDirectLink-g659914-d7034109-i252021359-Centro_Ciencia_Viva_do_Alviela_Carsoscopio-Alcanena_Santarem_District_Ce.html\" target=\"_blank\" rel=\"noopener\"><br \/>\n<\/a><a href=\"http:\/\/www.quintadaescola.com\/\" target=\"_blank\" rel=\"noopener\"><strong>Quinta da Escola<\/strong><\/a> &#8211; BTT, passeios e jogos tradicionais \/ BTT, walks and traditional games<\/p>\n<p>&nbsp;<br \/>\n&nbsp;<\/p>\n<h1>MAIS INFORMA\u00c7\u00d5ES \/ MORE INFORMATION:<\/h1>\n<p><strong><a href=\"https:\/\/jf-minde.pt\/patrimonio-natural\/\" target=\"_blank\" rel=\"noopener\">Minde<\/a><\/strong><br \/>\n<strong> <a href=\"http:\/\/cm-alcanena.pt\/index.php\/fr\/visitar-2\" target=\"_blank\" rel=\"noopener\">Alcanena<\/a><\/strong><br \/>\n<strong> <a href=\"http:\/\/www.cm-cartaxo.pt\/Ser\/Turismo\/Visitar\/Paginas\/default.aspx\" target=\"_blank\" rel=\"noopener\">Cartaxo<\/a><\/strong><\/p>\n","protected":false},"excerpt":{"rendered":"<p>&nbsp; Como Chegar? How To Get Here? &nbsp; &nbsp; &nbsp; CARRO \/ BY CAR Alcanena \/ Minde A1 &gt; sa\u00edda \/ exit n.\u00ba7 A23 Abrantes \/ Castelo Branco \/ Torres Novas. Ap\u00f3s a portagem 1\u00aa sa\u00edda e seguir placas para Alcanena (N243\/N361) ou Minde (N243). After the toll booth take the 1st exit at the [&hellip;]<\/p>\n","protected":false},"author":1,"featured_media":0,"parent":0,"menu_order":0,"comment_status":"closed","ping_status":"closed","template":"","meta":{"_exactmetrics_skip_tracking":false,"_exactmetrics_sitenote_active":false,"_exactmetrics_sitenote_note":"","_exactmetrics_sitenote_category":0,"footnotes":""},"_links":{"self":[{"href":"https:\/\/www.materiaisdiversos.com\/festival\/wp-json\/wp\/v2\/pages\/256"}],"collection":[{"href":"https:\/\/www.materiaisdiversos.com\/festival\/wp-json\/wp\/v2\/pages"}],"about":[{"href":"https:\/\/www.materiaisdiversos.com\/festival\/wp-json\/wp\/v2\/types\/page"}],"author":[{"embeddable":true,"href":"https:\/\/www.materiaisdiversos.com\/festival\/wp-json\/wp\/v2\/users\/1"}],"replies":[{"embeddable":true,"href":"https:\/\/www.materiaisdiversos.com\/festival\/wp-json\/wp\/v2\/comments?post=256"}],"version-history":[{"count":28,"href":"https:\/\/www.materiaisdiversos.com\/festival\/wp-json\/wp\/v2\/pages\/256\/revisions"}],"predecessor-version":[{"id":471,"href":"https:\/\/www.materiaisdiversos.com\/festival\/wp-json\/wp\/v2\/pages\/256\/revisions\/471"}],"wp:attachment":[{"href":"https:\/\/www.materiaisdiversos.com\/festival\/wp-json\/wp\/v2\/media?parent=256"}],"curies":[{"name":"wp","href":"https:\/\/api.w.org\/{rel}","templated":true}]}}